{"id":107,"date":"2013-12-11T17:37:01","date_gmt":"2013-12-11T16:37:01","guid":{"rendered":"https:\/\/izabelmont.net\/profile\/?page_id=107"},"modified":"2014-08-14T16:34:56","modified_gmt":"2014-08-14T15:34:56","slug":"leistungsportfolio","status":"publish","type":"page","link":"https:\/\/profile.izabelmont.net\/?page_id=107","title":{"rendered":"Leistungsportfolio"},"content":{"rendered":"<div  style=\"-webkit-hyphens: none; -moz-hyphens: none; -ms-hyphens: none; hyphens: none;\">\n<h2><span style=\"color: #888888;\">ERP-System Entwicklung<br \/>\n\u2013 Microsoft Dynamics AX \u2013<\/span><a href=\"https:\/\/izabelmont.net\/profile\/wp-content\/uploads\/2013\/12\/software-development.png\"><img loading=\"lazy\" decoding=\"async\" class=\"alignright size-full wp-image-283\" alt=\"software-development\" src=\"https:\/\/izabelmont.net\/profile\/wp-content\/uploads\/2013\/12\/software-development.png\" width=\"202\" height=\"155\" \/><\/a><\/h2>\n<address>Planen, Konzipieren und Programmieren der ERP-Software auf Basis der betrieblichen Anforderungen und unter Ber\u00fccksichtigung gegebener Standards.<\/address>\n<ul>\n<li>Software Life Cycle Management<\/li>\n<li>Software Release Management<\/li>\n<li>Management von Entwicklungsprojekten und Entwicklungsteams<\/li>\n<li>ITIL konforme Change Management<\/li>\n<li>Qualit\u00e4tssicherung und Best Practices Ausrichtung der <img loading=\"lazy\" decoding=\"async\" class=\"alignright  wp-image-216\" alt=\"MS-AX-Logo\" src=\"https:\/\/izabelmont.net\/profile\/wp-content\/uploads\/2013\/12\/MS-AX-Logo-300x219.jpg\" width=\"80\" height=\"58\" srcset=\"https:\/\/profile.izabelmont.net\/wp-content\/uploads\/2013\/12\/MS-AX-Logo-300x219.jpg 300w, https:\/\/profile.izabelmont.net\/wp-content\/uploads\/2013\/12\/MS-AX-Logo.jpg 479w\" sizes=\"auto, (max-width: 80px) 100vw, 80px\" \/>Gesch\u00e4ftsanwendungsentwicklung<\/li>\n<li>Probleml\u00f6sung Management\n<ul>\n<li>Software Anpassungen und Erweiterungen \u2013 Analyse &amp; Spezifikation<\/li>\n<li>Software Anpassungen und Erweiterungen \u2013 Entwicklung<\/li>\n<li>System Debugging Support<\/li>\n<\/ul>\n<\/li>\n<li>Systemschnittstellen Entwicklung<\/li>\n<\/ul>\n<p>&nbsp;<\/p>\n<h2><span style=\"color: #888888;\">ERP-System Management<\/span><\/h2>\n<h2><img loading=\"lazy\" decoding=\"async\" class=\"alignright  wp-image-281\" alt=\"Management-System-2\" src=\"https:\/\/izabelmont.net\/profile\/wp-content\/uploads\/2013\/12\/Management-System-2-300x211.jpg\" width=\"203\" height=\"143\" srcset=\"https:\/\/profile.izabelmont.net\/wp-content\/uploads\/2013\/12\/Management-System-2-300x211.jpg 300w, https:\/\/profile.izabelmont.net\/wp-content\/uploads\/2013\/12\/Management-System-2.jpg 450w\" sizes=\"auto, (max-width: 203px) 100vw, 203px\" \/><\/h2>\n<address>Bedarfsanalyse, Inbetriebnahme, Optimierung und Betrieb der ERP-Systeme in konsolidierten und standarisierten ERP Landschaften.<\/address>\n<ul>\n<li>ERP-System Engineering\n<ul>\n<li>System Architektur Planung<\/li>\n<li>Anforderungsmanagement<\/li>\n<li>Auswahl der Gesch\u00e4ftsanwendungen<\/li>\n<li>Anwendungssicherheit Management<\/li>\n<li>Kontinuit\u00e4t Management<\/li>\n<li>Compliance Management<\/li>\n<li>System Integration<\/li>\n<\/ul>\n<\/li>\n<\/ul>\n<ul>\n<li>ERP-System Implementierung\n<ul>\n<li>Implementierungs- und Integrationsprojekte<\/li>\n<li>Software Installation<\/li>\n<li>Customizing der Gesch\u00e4ftsanwendungen<\/li>\n<li>Daten Konvertierung und Migration<\/li>\n<li>User Training Support<\/li>\n<li>System Tests<\/li>\n<li>Lizenzbedarf Analysen<\/li>\n<\/ul>\n<\/li>\n<\/ul>\n<ul>\n<li>ERP-System Betreib\n<ul>\n<li>Betriebsrichtlinien Entwicklung<\/li>\n<li>St\u00f6rfall &amp; Probleml\u00f6sung Management<\/li>\n<li>System Performance Management<\/li>\n<li>System Backup &amp; Wiederherstellung (Konzeptentwicklung)<\/li>\n<li>System Monitoring<\/li>\n<li>Key und End User Unterst\u00fctzung<\/li>\n<li>Technical 3rd Level Support<\/li>\n<\/ul>\n<\/li>\n<\/ul>\n<h2><span style=\"color: #888888;\">Gesch\u00e4ftsprozess Management (BPM)<\/span><img loading=\"lazy\" decoding=\"async\" class=\"alignright  wp-image-203\" alt=\"CC-BPM\" src=\"https:\/\/izabelmont.net\/profile\/wp-content\/uploads\/2013\/12\/CC-BPM-300x199.jpg\" width=\"204\" height=\"135\" srcset=\"https:\/\/profile.izabelmont.net\/wp-content\/uploads\/2013\/12\/CC-BPM-300x199.jpg 300w, https:\/\/profile.izabelmont.net\/wp-content\/uploads\/2013\/12\/CC-BPM.jpg 800w\" sizes=\"auto, (max-width: 204px) 100vw, 204px\" \/><\/h2>\n<address>Identifikation, Gestaltung, Dokumentation, Implementierung, Steuerung und Verbesserung von Gesch\u00e4ftsprozessen um Effektivit\u00e4t und Effizienz der Wertsch\u00f6pfungskette eines Unternehmens kontinuierlich zu erh\u00f6hen.<\/address>\n<ul>\n<li>Gesch\u00e4ftsprozess Analyse<\/li>\n<li>Gesch\u00e4ftsprozess Modellierung und Dokumentation<\/li>\n<li>Gesch\u00e4ftsprozess Optimierung, Transformation und Implementierung<\/li>\n<li>Schl\u00fcsselkennzahlen (KPI) basierte Prozessgestaltung und -kontrolle<\/li>\n<li>Besondere Erfahrung in den Gebieten: Finanzen (Buchhaltung, Controlling, Debitoren, Kreditoren, Anlageverm\u00f6gen), Logistik, Dienstleistungen, Marketing, Vertrieb<\/li>\n<\/ul>\n<p>&nbsp;<\/p>\n<h2><span style=\"color: #888888;\">Gesch\u00e4ftsdaten Management<\/span><a href=\"https:\/\/izabelmont.net\/profile\/wp-content\/uploads\/2013\/12\/Data-3-2_211.png\"><img loading=\"lazy\" decoding=\"async\" class=\"alignright size-medium wp-image-286\" alt=\"Data-3-2_21\" src=\"https:\/\/izabelmont.net\/profile\/wp-content\/uploads\/2013\/12\/Data-3-2_211-300x181.png\" width=\"205\" height=\"123\" srcset=\"https:\/\/profile.izabelmont.net\/wp-content\/uploads\/2013\/12\/Data-3-2_211-300x181.png 300w, https:\/\/profile.izabelmont.net\/wp-content\/uploads\/2013\/12\/Data-3-2_211.png 371w\" sizes=\"auto, (max-width: 205px) 100vw, 205px\" \/><\/a><\/h2>\n<address>Die Gesch\u00e4ftsdaten mit ihrem maximalen Nutzungspotenzial in die Gesch\u00e4ftsprozesse einzubringen um im laufenden Betrieb die optimale Nutzung der Daten zu gew\u00e4hrleisten.<\/address>\n<ul>\n<li>Qualit\u00e4tssicherung der Gesch\u00e4ftsdaten<\/li>\n<li>Anhaltung der Datenschutzbestimmungen<\/li>\n<li>Sicherung der Datenkonsistenz \u00fcber die gesamte Prozesskette hinweg<\/li>\n<li>Gesch\u00e4ftsdatenintegration und Transformation (ETL)<\/li>\n<li>Reporting, System Integration und Business Intelligence Support<\/li>\n<\/ul>\n<\/div>\n","protected":false},"excerpt":{"rendered":"<p>ERP-System Entwicklung \u2013 Microsoft Dynamics AX \u2013 Planen, Konzipieren und Programmieren der ERP-Software auf Basis der betrieblichen Anforderungen und unter Ber\u00fccksichtigung gegebener Standards. Software Life Cycle Management Software Release Management Management von Entwicklungsprojekten und Entwicklungsteams ITIL konforme Change Management Qualit\u00e4tssicherung und Best Practices Ausrichtung der Gesch\u00e4ftsanwendungsentwicklung Probleml\u00f6sung Management Software Anpassungen und Erweiterungen \u2013 Analyse &amp; &hellip; <a href=\"https:\/\/profile.izabelmont.net\/?page_id=107\" class=\"more-link\">Continue reading <span class=\"screen-reader-text\">Leistungsportfolio<\/span> <span class=\"meta-nav\">&rarr;<\/span><\/a><\/p>\n","protected":false},"author":2,"featured_media":252,"parent":0,"menu_order":0,"comment_status":"closed","ping_status":"closed","template":"","meta":{"footnotes":""},"class_list":["post-107","page","type-page","status-publish","has-post-thumbnail","hentry"],"_links":{"self":[{"href":"https:\/\/profile.izabelmont.net\/index.php?rest_route=\/wp\/v2\/pages\/107","targetHints":{"allow":["GET"]}}],"collection":[{"href":"https:\/\/profile.izabelmont.net\/index.php?rest_route=\/wp\/v2\/pages"}],"about":[{"href":"https:\/\/profile.izabelmont.net\/index.php?rest_route=\/wp\/v2\/types\/page"}],"author":[{"embeddable":true,"href":"https:\/\/profile.izabelmont.net\/index.php?rest_route=\/wp\/v2\/users\/2"}],"replies":[{"embeddable":true,"href":"https:\/\/profile.izabelmont.net\/index.php?rest_route=%2Fwp%2Fv2%2Fcomments&post=107"}],"version-history":[{"count":29,"href":"https:\/\/profile.izabelmont.net\/index.php?rest_route=\/wp\/v2\/pages\/107\/revisions"}],"predecessor-version":[{"id":398,"href":"https:\/\/profile.izabelmont.net\/index.php?rest_route=\/wp\/v2\/pages\/107\/revisions\/398"}],"wp:featuredmedia":[{"embeddable":true,"href":"https:\/\/profile.izabelmont.net\/index.php?rest_route=\/wp\/v2\/media\/252"}],"wp:attachment":[{"href":"https:\/\/profile.izabelmont.net\/index.php?rest_route=%2Fwp%2Fv2%2Fmedia&parent=107"}],"curies":[{"name":"wp","href":"https:\/\/api.w.org\/{rel}","templated":true}]}}